{"id":95,"date":"2024-08-17T20:28:37","date_gmt":"2024-08-17T18:28:37","guid":{"rendered":"https:\/\/pagesalame.fr\/?page_id=95"},"modified":"2025-03-22T18:24:28","modified_gmt":"2025-03-22T17:24:28","slug":"bibliotherapie-lecture-accompagnee","status":"publish","type":"page","link":"https:\/\/pagesalame.fr\/index.php\/bibliotherapie-lecture-accompagnee\/","title":{"rendered":"D\u00e9couvrez la biblioth\u00e9rapie"},"content":{"rendered":"\n<div class=\"wp-block-group alignfull has-accent-2-background-color has-background has-global-padding is-layout-constrained wp-container-core-group-is-layout-669513ed wp-block-group-is-layout-constrained\" style=\"margin-top:0;margin-bottom:0;padding-top:var(--wp--preset--spacing--50);padding-right:var(--wp--preset--spacing--50);padding-bottom:var(--wp--preset--spacing--50);padding-left:var(--wp--preset--spacing--50)\">\n<div class=\"wp-block-columns alignwide is-layout-flex wp-container-core-columns-is-layout-28f84493 wp-block-columns-is-layout-flex\"><\/div>\n\n\n\n<div style=\"height:var(--wp--preset--spacing--40)\" aria-hidden=\"true\" class=\"wp-block-spacer\"><\/div>\n\n\n\n<figure class=\"wp-block-image alignwide size-large is-style-rounded is-style-rounded--1\"><img loading=\"lazy\" decoding=\"async\" width=\"1024\" height=\"436\" src=\"https:\/\/pagesalame.fr\/wp-content\/uploads\/2024\/08\/Images-1-1024x436.png\" alt=\"\" class=\"wp-image-96\" srcset=\"https:\/\/pagesalame.fr\/wp-content\/uploads\/2024\/08\/Images-1-1024x436.png 1024w, https:\/\/pagesalame.fr\/wp-content\/uploads\/2024\/08\/Images-1-300x128.png 300w, https:\/\/pagesalame.fr\/wp-content\/uploads\/2024\/08\/Images-1-768x327.png 768w, https:\/\/pagesalame.fr\/wp-content\/uploads\/2024\/08\/Images-1-1536x653.png 1536w, https:\/\/pagesalame.fr\/wp-content\/uploads\/2024\/08\/Images-1-2048x871.png 2048w\" sizes=\"auto, (max-width: 1024px) 100vw, 1024px\" \/><\/figure>\n<\/div>\n\n\n\n<div class=\"wp-block-group alignfull has-base-background-color has-background has-global-padding is-layout-constrained wp-container-core-group-is-layout-d89aad35 wp-block-group-is-layout-constrained\" style=\"margin-top:0;margin-bottom:0;padding-top:var(--wp--preset--spacing--50);padding-right:var(--wp--preset--spacing--50);padding-bottom:var(--wp--preset--spacing--50);padding-left:var(--wp--preset--spacing--50)\">\n<div class=\"wp-block-columns alignwide is-layout-flex wp-container-core-columns-is-layout-549b0c86 wp-block-columns-is-layout-flex\">\n<div class=\"wp-block-column has-global-padding is-content-justification-left is-layout-constrained wp-container-core-column-is-layout-4f15e8fe wp-block-column-is-layout-constrained\" style=\"flex-basis:40%\">\n<figure class=\"wp-block-image size-large is-resized\"><img loading=\"lazy\" decoding=\"async\" width=\"768\" height=\"1024\" src=\"https:\/\/pagesalame.fr\/wp-content\/uploads\/2024\/08\/IMG_20230912_182744_Bokeh-5-768x1024.jpg\" alt=\"\" class=\"wp-image-97\" style=\"width:390px;height:auto\" srcset=\"https:\/\/pagesalame.fr\/wp-content\/uploads\/2024\/08\/IMG_20230912_182744_Bokeh-5-768x1024.jpg 768w, https:\/\/pagesalame.fr\/wp-content\/uploads\/2024\/08\/IMG_20230912_182744_Bokeh-5-225x300.jpg 225w, https:\/\/pagesalame.fr\/wp-content\/uploads\/2024\/08\/IMG_20230912_182744_Bokeh-5-1152x1536.jpg 1152w, https:\/\/pagesalame.fr\/wp-content\/uploads\/2024\/08\/IMG_20230912_182744_Bokeh-5-1536x2048.jpg 1536w, https:\/\/pagesalame.fr\/wp-content\/uploads\/2024\/08\/IMG_20230912_182744_Bokeh-5-scaled.jpg 1920w\" sizes=\"auto, (max-width: 768px) 100vw, 768px\" \/><\/figure>\n<\/div>\n\n\n\n<div class=\"wp-block-column is-layout-flow wp-container-core-column-is-layout-119bc444 wp-block-column-is-layout-flow\" style=\"flex-basis:60%\">\n<p class=\"has-heading-font-family has-x-large-font-size\" style=\"line-height:1.2\">La biblioth\u00e9rapie est l\u2019utilisation des livres, \u00e0 l\u2019aide d\u2019une lecture dirig\u00e9e, dans une perspective de mieux-\u00eatre.<\/p>\n\n\n\n<div class=\"wp-block-columns is-layout-flex wp-container-core-columns-is-layout-87beb0d0 wp-block-columns-is-layout-flex\">\n<div class=\"wp-block-column is-layout-flow wp-block-column-is-layout-flow\">\n<p class=\"wp-container-content-9cfa9a5a\">Le <em>Webster International Dictionary<\/em> propose en 1961 cette d\u00e9finition :<\/p>\n\n\n\n<p class=\"wp-container-content-9cfa9a5a\">\u00ab&nbsp;La biblioth\u00e9rapie est l\u2019utilisation d\u2019un ensemble de lectures s\u00e9lectionn\u00e9es en tant qu\u2019outils th\u00e9rapeutiques en m\u00e9decine et en psychiatrie&nbsp;; et un moyen pour r\u00e9soudre des probl\u00e8mes personnels, par l\u2019interm\u00e9diaire d\u2019une lecture dirig\u00e9e.&nbsp;\u00bb<\/p>\n\n\n\n<p class=\"wp-container-content-9cfa9a5a\"><\/p>\n<\/div>\n\n\n\n<div class=\"wp-block-column is-layout-flow wp-block-column-is-layout-flow\">\n<p class=\"wp-container-content-9cfa9a5a\">Les bienfaits de la lecture sont nombreux :<\/p>\n\n\n\n<ul class=\"wp-block-list\">\n<li>R\u00e9duction du stress \u2013 de l\u2019anxi\u00e9t\u00e9<\/li>\n\n\n\n<li>Ralentissement de la fr\u00e9quence cardiaque<\/li>\n\n\n\n<li>Am\u00e9lioration de la sant\u00e9 physique et mentale<\/li>\n\n\n\n<li>Am\u00e9lioration du sommeil<\/li>\n\n\n\n<li>Am\u00e9lioration de l\u2019empathie<\/li>\n\n\n\n<li>Am\u00e9lioration de l\u2019estime de soi<\/li>\n<\/ul>\n\n\n\n<p class=\"wp-container-content-9cfa9a5a\">Et encore bien d\u2019autres !<\/p>\n<\/div>\n<\/div>\n<\/div>\n<\/div>\n<\/div>\n\n\n\n<div class=\"wp-block-cover alignfull is-light has-parallax\" style=\"padding-top:var(--wp--preset--spacing--50);padding-right:var(--wp--preset--spacing--50);padding-bottom:var(--wp--preset--spacing--50);padding-left:var(--wp--preset--spacing--50);min-height:100vh;aspect-ratio:unset;\"><span aria-hidden=\"true\" class=\"wp-block-cover__background has-base-background-color has-background-dim-0 has-background-dim\"><\/span><div class=\"wp-block-cover__image-background wp-image-98 has-parallax\" style=\"background-position:50% 50%;background-image:url(https:\/\/pagesalame.fr\/wp-content\/uploads\/2024\/08\/IMG_20230912_182744_Bokeh-6-scaled.jpg)\"><\/div><div class=\"wp-block-cover__inner-container has-global-padding is-layout-constrained wp-container-core-cover-is-layout-e4fd886c wp-block-cover-is-layout-constrained\">\n<p class=\"has-text-align-center has-large-font-size\"><\/p>\n<\/div><\/div>\n\n\n\n<div class=\"wp-block-group alignfull has-base-2-background-color has-background has-global-padding is-layout-constrained wp-container-core-group-is-layout-7cd14b77 wp-block-group-is-layout-constrained\" style=\"margin-top:0;margin-bottom:0;padding-top:var(--wp--preset--spacing--60);padding-right:var(--wp--preset--spacing--60);padding-bottom:var(--wp--preset--spacing--60);padding-left:var(--wp--preset--spacing--60)\">\n<div class=\"wp-block-group alignwide is-layout-flow wp-block-group-is-layout-flow\">\n<p class=\"has-text-align-center has-heading-font-family has-x-large-font-size\" style=\"font-style:normal;font-weight:400;line-height:1.2\">Mon parcours en un clin d\u2019\u0153il<\/p>\n\n\n\n<p><\/p>\n\n\n\n<ul class=\"wp-block-list\">\n<li>2024: Biblioth\u00e9rapeute jeunesse certifi\u00e9e (Aur\u00e9lie Louvel)<\/li>\n\n\n\n<li>2024: Certificat anglophone <em>One Book at a time<\/em> <em>\u2013 Bibliotherapy in Primary Schools<\/em><\/li>\n\n\n\n<li>2023: Formation de lectrice-correctrice professionnelle &#8211; Certificat Le Robert niveau expert<\/li>\n\n\n\n<li>2021 \u2013 en cours : Doctorat en Litt\u00e9rature Compar\u00e9e<\/li>\n\n\n\n<li>2019 \u2013 en cours : Professeure de fran\u00e7ais<\/li>\n\n\n\n<li>2021 : Master Lettres \u2013 Litt\u00e9rature d\u2019Enfance et de Jeunesse<\/li>\n\n\n\n<li>2017 : Doctorat en psychologie cognitive<\/li>\n<\/ul>\n<\/div>\n\n\n\n<figure class=\"wp-block-gallery has-nested-images columns-default is-cropped wp-block-gallery-2 is-layout-flex wp-block-gallery-is-layout-flex\">\n<figure class=\"wp-block-image size-large\"><img loading=\"lazy\" decoding=\"async\" width=\"1024\" height=\"724\" data-id=\"38\" src=\"https:\/\/pagesalame.fr\/wp-content\/uploads\/2024\/08\/Certificat-Bibliotherapie-Jeunesse-1024x724.png\" alt=\"\" class=\"wp-image-38\" srcset=\"https:\/\/pagesalame.fr\/wp-content\/uploads\/2024\/08\/Certificat-Bibliotherapie-Jeunesse-1024x724.png 1024w, https:\/\/pagesalame.fr\/wp-content\/uploads\/2024\/08\/Certificat-Bibliotherapie-Jeunesse-300x212.png 300w, https:\/\/pagesalame.fr\/wp-content\/uploads\/2024\/08\/Certificat-Bibliotherapie-Jeunesse-768x543.png 768w, https:\/\/pagesalame.fr\/wp-content\/uploads\/2024\/08\/Certificat-Bibliotherapie-Jeunesse-1536x1086.png 1536w, https:\/\/pagesalame.fr\/wp-content\/uploads\/2024\/08\/Certificat-Bibliotherapie-Jeunesse.png 2000w\" sizes=\"auto, (max-width: 1024px) 100vw, 1024px\" \/><\/figure>\n\n\n\n<figure class=\"wp-block-image size-large\"><img loading=\"lazy\" decoding=\"async\" width=\"797\" height=\"541\" data-id=\"122\" src=\"https:\/\/pagesalame.fr\/wp-content\/uploads\/2024\/08\/Certificat-filigrane.png\" alt=\"\" class=\"wp-image-122\" srcset=\"https:\/\/pagesalame.fr\/wp-content\/uploads\/2024\/08\/Certificat-filigrane.png 797w, https:\/\/pagesalame.fr\/wp-content\/uploads\/2024\/08\/Certificat-filigrane-300x204.png 300w, https:\/\/pagesalame.fr\/wp-content\/uploads\/2024\/08\/Certificat-filigrane-768x521.png 768w\" sizes=\"auto, (max-width: 797px) 100vw, 797px\" \/><\/figure>\n<\/figure>\n<\/div>\n\n\n\n<div class=\"wp-block-group alignfull has-accent-background-color has-background has-global-padding is-layout-constrained wp-container-core-group-is-layout-669513ed wp-block-group-is-layout-constrained\" style=\"margin-top:0;margin-bottom:0;padding-top:var(--wp--preset--spacing--50);padding-right:var(--wp--preset--spacing--50);padding-bottom:var(--wp--preset--spacing--50);padding-left:var(--wp--preset--spacing--50)\">\n<div class=\"wp-block-columns alignwide is-layout-flex wp-container-core-columns-is-layout-1da03c2a wp-block-columns-is-layout-flex\">\n<div class=\"wp-block-column is-vertically-aligned-stretch is-layout-flow wp-block-column-is-layout-flow\" style=\"flex-basis:50%\">\n<div class=\"wp-block-group is-vertical is-content-justification-stretch is-layout-flex wp-container-core-group-is-layout-444d5ee8 wp-block-group-is-layout-flex\" style=\"min-height:100%\">\n<p class=\"has-heading-font-family has-x-large-font-size\" style=\"line-height:1.2\">Je propose des ateliers cibl\u00e9s :<\/p>\n\n\n\n<ul class=\"wp-block-list\">\n<li>en s\u00e9ances individuelles<\/li>\n\n\n\n<li>en s\u00e9ances collectives<\/li>\n<\/ul>\n\n\n\n<p>Je mets \u00e0 disposition un catalogue d&rsquo;ateliers pour les enseignant-e-s qui souhaitent me faire intervenir dans leurs classes. Les th\u00e9matiques sont autour de la bienveillance, le consentement, l&rsquo;inclusion.<\/p>\n\n\n\n<p>J&rsquo;adapte aussi mes s\u00e9ances pour cr\u00e9er un programme (th\u00e9matique, nombre d&rsquo;ateliers) personnalis\u00e9 et cibl\u00e9 selon les demandes.<\/p>\n\n\n\n<p>Vous pouvez aussi faire appel \u00e0 mes service pour vous aider \u00e0 vivre des moments importants\/difficiles (deuil, accident, maladie, scolarit\u00e9, stress, changement de vie&#8230;)<\/p>\n\n\n\n<p class=\"has-text-align-right\">N&rsquo;h\u00e9sitez pas \u00e0 me contacter pour me demander mon catalogue d&rsquo;ateliers, ou pour construire un projet personnalis\u00e9 ensemble<strong>:<\/strong><\/p>\n\n\n\n<p class=\"has-text-align-right\"><strong>pagesalame@gmail.com<\/strong><\/p>\n<\/div>\n<\/div>\n\n\n\n<div class=\"wp-block-column is-vertically-aligned-center is-layout-flow wp-block-column-is-layout-flow\" style=\"flex-basis:50%\">\n<figure class=\"wp-block-image aligncenter size-full is-resized is-style-rounded is-style-rounded--3\"><img loading=\"lazy\" decoding=\"async\" width=\"521\" height=\"701\" src=\"https:\/\/pagesalame.fr\/wp-content\/uploads\/2024\/12\/Bibliotherapie-1.png\" alt=\"\" class=\"wp-image-180\" style=\"aspect-ratio:0.75;object-fit:cover;width:544px;height:auto\" srcset=\"https:\/\/pagesalame.fr\/wp-content\/uploads\/2024\/12\/Bibliotherapie-1.png 521w, https:\/\/pagesalame.fr\/wp-content\/uploads\/2024\/12\/Bibliotherapie-1-223x300.png 223w\" sizes=\"auto, (max-width: 521px) 100vw, 521px\" \/><\/figure>\n<\/div>\n<\/div>\n\n\n\n<p class=\"has-text-align-center has-heading-font-family has-x-large-font-size\" style=\"font-style:normal;font-weight:400;line-height:1.2\"><\/p>\n<\/div>\n","protected":false},"excerpt":{"rendered":"<p>La biblioth\u00e9rapie est l\u2019utilisation des livres, \u00e0 l\u2019aide d\u2019une lecture dirig\u00e9e, dans une perspective de mieux-\u00eatre. Le Webster International Dictionary propose en 1961 cette d\u00e9finition : \u00ab&nbsp;La biblioth\u00e9rapie est l\u2019utilisation d\u2019un ensemble de lectures s\u00e9lectionn\u00e9es en tant qu\u2019outils th\u00e9rapeutiques en m\u00e9decine et en psychiatrie&nbsp;; et un moyen pour r\u00e9soudre des probl\u00e8mes personnels, par l\u2019interm\u00e9diaire d\u2019une [&hellip;]<\/p>\n","protected":false},"author":1,"featured_media":0,"parent":0,"menu_order":0,"comment_status":"closed","ping_status":"closed","template":"","meta":{"footnotes":""},"class_list":["post-95","page","type-page","status-publish","hentry"],"_links":{"self":[{"href":"https:\/\/pagesalame.fr\/index.php\/wp-json\/wp\/v2\/pages\/95","targetHints":{"allow":["GET"]}}],"collection":[{"href":"https:\/\/pagesalame.fr\/index.php\/wp-json\/wp\/v2\/pages"}],"about":[{"href":"https:\/\/pagesalame.fr\/index.php\/wp-json\/wp\/v2\/types\/page"}],"author":[{"embeddable":true,"href":"https:\/\/pagesalame.fr\/index.php\/wp-json\/wp\/v2\/users\/1"}],"replies":[{"embeddable":true,"href":"https:\/\/pagesalame.fr\/index.php\/wp-json\/wp\/v2\/comments?post=95"}],"version-history":[{"count":19,"href":"https:\/\/pagesalame.fr\/index.php\/wp-json\/wp\/v2\/pages\/95\/revisions"}],"predecessor-version":[{"id":202,"href":"https:\/\/pagesalame.fr\/index.php\/wp-json\/wp\/v2\/pages\/95\/revisions\/202"}],"wp:attachment":[{"href":"https:\/\/pagesalame.fr\/index.php\/wp-json\/wp\/v2\/media?parent=95"}],"curies":[{"name":"wp","href":"https:\/\/api.w.org\/{rel}","templated":true}]}}